{"id":58478,"date":"2025-05-05T22:41:08","date_gmt":"2025-05-05T22:41:08","guid":{"rendered":"https:\/\/foundation17.org\/?page_id=58478"},"modified":"2025-05-16T22:35:17","modified_gmt":"2025-05-16T22:35:17","slug":"galeria17","status":"publish","type":"page","link":"https:\/\/foundation17.org\/sq\/hapesirat-e-shtatembedhjete\/galeria17\/","title":{"rendered":"Galeria 17"},"content":{"rendered":"<div class=\"wpb-content-wrapper\"><p>[vc_row][vc_column width=&#8221;1\/6&#8243;][\/vc_column][vc_column width=&#8221;2\/3&#8243;][vc_column_text]<\/p>\n<div id=\"attachment_56951\" style=\"width: 1034px\" class=\"wp-caption alignnone\"><img loading=\"lazy\" decoding=\"async\" aria-describedby=\"caption-attachment-56951\" class=\"size-large wp-image-56951\" src=\"https:\/\/foundation17.org\/wp-content\/uploads\/2022\/10\/cover_1920x1080px-02-1024x576.jpg\" alt=\"\" width=\"1024\" height=\"576\" srcset=\"https:\/\/foundation17.org\/wp-content\/uploads\/2022\/10\/cover_1920x1080px-02-1024x576.jpg 1024w, https:\/\/foundation17.org\/wp-content\/uploads\/2022\/10\/cover_1920x1080px-02-300x169.jpg 300w, https:\/\/foundation17.org\/wp-content\/uploads\/2022\/10\/cover_1920x1080px-02-768x432.jpg 768w, https:\/\/foundation17.org\/wp-content\/uploads\/2022\/10\/cover_1920x1080px-02-1536x864.jpg 1536w, https:\/\/foundation17.org\/wp-content\/uploads\/2022\/10\/cover_1920x1080px-02.jpg 1920w\" sizes=\"auto, (max-width: 1024px) 100vw, 1024px\" \/><p id=\"caption-attachment-56951\" class=\"wp-caption-text\">www.galeria17.org<\/p><\/div>\n<p>Galeria 17 vjen si d\u00ebshir\u00eb dhe nevoj\u00eb p\u00ebr gjith\u00ebp\u00ebrfshirje dhe q\u00ebndrueshm\u00ebri t\u00eb nj\u00eb sken\u00eb artistike n\u00eb fermentim, ku nevoja p\u00ebr hap\u00ebsira t\u00eb reja t\u00eb eksperimentimit \u00ebsht\u00eb jet\u00ebsore. Ekspozitat e prezantuara prodhojn\u00eb hap\u00ebsir\u00eb duke u rishikuar dhe shnd\u00ebrruar. N\u00eb k\u00ebt\u00eb kuptim\u00a0 galeria mund t\u00eb perceptohet si hap\u00ebsira e nj\u00eb guaske q\u00eb lind me moluskun dhe rritet. P\u00ebrshtatet dhe transformohet n\u00eb var\u00ebsi t\u00eb nevojave t\u00eb zhvillimit, sikurse edhe hap\u00ebsirat e p\u00ebrbashk\u00ebta publike q\u00eb reflektojn\u00eb struktur\u00ebn ton\u00eb shoq\u00ebrore n\u00eb brend\u00ebsi t\u00eb labirinteve t\u00eb progresit urban. Duke pasur fokus t\u00eb ve\u00e7ant\u00eb n\u00eb \u00e7\u00ebshtjet sociale, artist\u00ebt\/et dhe kurator\u00ebt\/et ftohen t\u00eb eksperimentojn\u00eb me konceptet, idet\u00eb dhe hap\u00ebsir\u00ebn. T\u00eb sjellin ekspozita t\u00eb guximshme q\u00eb krijojn\u00eb dialog dhe nxisin debate publike, duke kontribuar vazhduesh\u00ebm n\u00eb dokumentimin dhe krijimin e referencave t\u00eb munguara p\u00ebrgjat\u00eb nj\u00eb procesi q\u00eb arkivon dhe edukon.<\/p>\n<p><strong>Vizioni<\/strong>\u00a0\/ Galeria synon t\u00eb jet\u00eb pjes\u00ebmarr\u00ebse n\u00eb b\u00ebrjen e politikave kulturore etike dhe aktive, duke siguruar p\u00ebrfaq\u00ebsim dhe p\u00ebrfshirje n\u00eb industrin\u00eb kulturore nd\u00ebrkomb\u00ebtare.<\/p>\n<p><strong>Misioni<\/strong>\u00a0\/ Nxit reflektim kritik p\u00ebrmes identifikimit dhe p\u00ebrkrahjes s\u00eb z\u00ebrave t\u00eb guximsh\u00ebm q\u00eb mund\u00ebsojn\u00eb k\u00ebndv\u00ebshtrime t\u00eb reja p\u00ebrmes praktikave bashk\u00ebkohore t\u00eb artit.<\/p>\n<p>&nbsp;<\/p>\n<div>\n<p class=\"gmail-font_0\" style=\"text-align: center;\">klikoni p\u00ebr m\u00eb shum\u00eb<\/p>\n<p style=\"text-align: center;\"><a href=\"http:\/\/www.galeria17.org\">www.galeria17.org<\/a><\/p>\n<\/div>\n<h1 style=\"text-align: center;\"><\/h1>\n<p>[\/vc_column_text][\/vc_column][vc_column width=&#8221;1\/6&#8243;][\/vc_column][\/vc_row][vc_row][vc_column][vc_empty_space][\/vc_column][\/vc_row]<\/p>\n<\/div>","protected":false},"excerpt":{"rendered":"<p>[vc_row][vc_column width=&#8221;1\/6&#8243;][\/vc_column][vc_column width=&#8221;2\/3&#8243;][vc_column_text] Galeria 17 vjen si d\u00ebshir\u00eb dhe nevoj\u00eb p\u00ebr gjith\u00ebp\u00ebrfshirje dhe q\u00ebndrueshm\u00ebri t\u00eb nj\u00eb sken\u00eb artistike n\u00eb fermentim, ku nevoja p\u00ebr hap\u00ebsira t\u00eb reja t\u00eb eksperimentimit \u00ebsht\u00eb jet\u00ebsore.&hellip;<\/p>\n","protected":false},"author":1,"featured_media":0,"parent":56328,"menu_order":0,"comment_status":"closed","ping_status":"closed","template":"","meta":{"nf_dc_page":"","om_disable_all_campaigns":false,"footnotes":""},"class_list":["post-58478","page","type-page","status-publish","hentry","description-off"],"yoast_head":"<!-- This site is optimized with the Yoast SEO plugin v27.4 - https:\/\/yoast.com\/product\/yoast-seo-wordpress\/ -->\n<title>Galeria 17 - SHTAT\u00cbMB\u00cbDHJET\u00cb<\/title>\n<meta name=\"robots\" content=\"index, follow, max-snippet:-1, max-image-preview:large, max-video-preview:-1\" \/>\n<link rel=\"canonical\" href=\"https:\/\/foundation17.org\/sq\/hapesirat-e-shtatembedhjete\/galeria17\/\" \/>\n<meta property=\"og:locale\" content=\"sq_AL\" \/>\n<meta property=\"og:type\" content=\"article\" \/>\n<meta property=\"og:title\" content=\"Galeria 17 - SHTAT\u00cbMB\u00cbDHJET\u00cb\" \/>\n<meta property=\"og:description\" content=\"[vc_row][vc_column width=&#8221;1\/6&#8243;][\/vc_column][vc_column width=&#8221;2\/3&#8243;][vc_column_text] Galeria 17 vjen si d\u00ebshir\u00eb dhe nevoj\u00eb p\u00ebr gjith\u00ebp\u00ebrfshirje dhe q\u00ebndrueshm\u00ebri t\u00eb nj\u00eb sken\u00eb artistike n\u00eb fermentim, ku nevoja p\u00ebr hap\u00ebsira t\u00eb reja t\u00eb eksperimentimit \u00ebsht\u00eb jet\u00ebsore.&hellip;\" \/>\n<meta property=\"og:url\" content=\"https:\/\/foundation17.org\/sq\/hapesirat-e-shtatembedhjete\/galeria17\/\" \/>\n<meta property=\"og:site_name\" content=\"SHTAT\u00cbMB\u00cbDHJET\u00cb\" \/>\n<meta property=\"article:publisher\" content=\"https:\/\/www.facebook.com\/fondacioni17\" \/>\n<meta property=\"article:modified_time\" content=\"2025-05-16T22:35:17+00:00\" \/>\n<meta property=\"og:image\" content=\"https:\/\/foundation17.org\/wp-content\/uploads\/2022\/10\/cover_1920x1080px-02.jpg\" \/>\n\t<meta property=\"og:image:width\" content=\"1920\" \/>\n\t<meta property=\"og:image:height\" content=\"1080\" \/>\n\t<meta property=\"og:image:type\" content=\"image\/jpeg\" \/>\n<meta name=\"twitter:card\" content=\"summary_large_image\" \/>\n<meta name=\"twitter:label1\" content=\"Est. reading time\" \/>\n\t<meta name=\"twitter:data1\" content=\"2 minutes\" \/>\n<script type=\"application\/ld+json\" class=\"yoast-schema-graph\">{\"@context\":\"https:\\\/\\\/schema.org\",\"@graph\":[{\"@type\":\"WebPage\",\"@id\":\"https:\\\/\\\/foundation17.org\\\/sq\\\/hapesirat-e-shtatembedhjete\\\/galeria17\\\/\",\"url\":\"https:\\\/\\\/foundation17.org\\\/sq\\\/hapesirat-e-shtatembedhjete\\\/galeria17\\\/\",\"name\":\"Galeria 17 - SHTAT\u00cbMB\u00cbDHJET\u00cb\",\"isPartOf\":{\"@id\":\"https:\\\/\\\/foundation17.org\\\/#website\"},\"primaryImageOfPage\":{\"@id\":\"https:\\\/\\\/foundation17.org\\\/sq\\\/hapesirat-e-shtatembedhjete\\\/galeria17\\\/#primaryimage\"},\"image\":{\"@id\":\"https:\\\/\\\/foundation17.org\\\/sq\\\/hapesirat-e-shtatembedhjete\\\/galeria17\\\/#primaryimage\"},\"thumbnailUrl\":\"https:\\\/\\\/foundation17.org\\\/wp-content\\\/uploads\\\/2022\\\/10\\\/cover_1920x1080px-02-1024x576.jpg\",\"datePublished\":\"2025-05-05T22:41:08+00:00\",\"dateModified\":\"2025-05-16T22:35:17+00:00\",\"breadcrumb\":{\"@id\":\"https:\\\/\\\/foundation17.org\\\/sq\\\/hapesirat-e-shtatembedhjete\\\/galeria17\\\/#breadcrumb\"},\"inLanguage\":\"sq-AL\",\"potentialAction\":[{\"@type\":\"ReadAction\",\"target\":[\"https:\\\/\\\/foundation17.org\\\/sq\\\/hapesirat-e-shtatembedhjete\\\/galeria17\\\/\"]}]},{\"@type\":\"ImageObject\",\"inLanguage\":\"sq-AL\",\"@id\":\"https:\\\/\\\/foundation17.org\\\/sq\\\/hapesirat-e-shtatembedhjete\\\/galeria17\\\/#primaryimage\",\"url\":\"https:\\\/\\\/foundation17.org\\\/wp-content\\\/uploads\\\/2022\\\/10\\\/cover_1920x1080px-02-1024x576.jpg\",\"contentUrl\":\"https:\\\/\\\/foundation17.org\\\/wp-content\\\/uploads\\\/2022\\\/10\\\/cover_1920x1080px-02-1024x576.jpg\"},{\"@type\":\"BreadcrumbList\",\"@id\":\"https:\\\/\\\/foundation17.org\\\/sq\\\/hapesirat-e-shtatembedhjete\\\/galeria17\\\/#breadcrumb\",\"itemListElement\":[{\"@type\":\"ListItem\",\"position\":1,\"name\":\"Home\",\"item\":\"https:\\\/\\\/foundation17.org\\\/sq\\\/\"},{\"@type\":\"ListItem\",\"position\":2,\"name\":\"Hap\u00ebsirat e Shtat\u00ebmb\u00ebdhjet\u00eb\",\"item\":\"https:\\\/\\\/foundation17.org\\\/sq\\\/hapesirat-e-shtatembedhjete\\\/\"},{\"@type\":\"ListItem\",\"position\":3,\"name\":\"Galeria 17\"}]},{\"@type\":\"WebSite\",\"@id\":\"https:\\\/\\\/foundation17.org\\\/#website\",\"url\":\"https:\\\/\\\/foundation17.org\\\/\",\"name\":\"SHTAT\u00cbMB\u00cbDHJET\u00cb\",\"description\":\"is a nonprofit organization established in Prishtina, Kosovo in 2018. 17 started initially as a collaborative duo with the aim of making visually and intellectually engaging artworks that explore social and psychological perspectives through Experimental Video Art. Building on this experience and the need to refunctionalize alternative public spaces, Shtat\u00ebmb\u00ebdhjet\u00eb has been registered as a foundation that aims to foster positive change in society through enabling cultural vitality and creativity.\",\"publisher\":{\"@id\":\"https:\\\/\\\/foundation17.org\\\/#organization\"},\"potentialAction\":[{\"@type\":\"SearchAction\",\"target\":{\"@type\":\"EntryPoint\",\"urlTemplate\":\"https:\\\/\\\/foundation17.org\\\/?s={search_term_string}\"},\"query-input\":{\"@type\":\"PropertyValueSpecification\",\"valueRequired\":true,\"valueName\":\"search_term_string\"}}],\"inLanguage\":\"sq-AL\"},{\"@type\":\"Organization\",\"@id\":\"https:\\\/\\\/foundation17.org\\\/#organization\",\"name\":\"SHTAT\u00cbMB\u00cbDHJET\u00cb\",\"url\":\"https:\\\/\\\/foundation17.org\\\/\",\"logo\":{\"@type\":\"ImageObject\",\"inLanguage\":\"sq-AL\",\"@id\":\"https:\\\/\\\/foundation17.org\\\/#\\\/schema\\\/logo\\\/image\\\/\",\"url\":\"https:\\\/\\\/foundation17.org\\\/wp-content\\\/uploads\\\/2021\\\/04\\\/f17logo.png\",\"contentUrl\":\"https:\\\/\\\/foundation17.org\\\/wp-content\\\/uploads\\\/2021\\\/04\\\/f17logo.png\",\"width\":470,\"height\":470,\"caption\":\"SHTAT\u00cbMB\u00cbDHJET\u00cb\"},\"image\":{\"@id\":\"https:\\\/\\\/foundation17.org\\\/#\\\/schema\\\/logo\\\/image\\\/\"},\"sameAs\":[\"https:\\\/\\\/www.facebook.com\\\/fondacioni17\"]}]}<\/script>\n<!-- \/ Yoast SEO plugin. -->","yoast_head_json":{"title":"Galeria 17 - SHTAT\u00cbMB\u00cbDHJET\u00cb","robots":{"index":"index","follow":"follow","max-snippet":"max-snippet:-1","max-image-preview":"max-image-preview:large","max-video-preview":"max-video-preview:-1"},"canonical":"https:\/\/foundation17.org\/sq\/hapesirat-e-shtatembedhjete\/galeria17\/","og_locale":"sq_AL","og_type":"article","og_title":"Galeria 17 - SHTAT\u00cbMB\u00cbDHJET\u00cb","og_description":"[vc_row][vc_column width=&#8221;1\/6&#8243;][\/vc_column][vc_column width=&#8221;2\/3&#8243;][vc_column_text] Galeria 17 vjen si d\u00ebshir\u00eb dhe nevoj\u00eb p\u00ebr gjith\u00ebp\u00ebrfshirje dhe q\u00ebndrueshm\u00ebri t\u00eb nj\u00eb sken\u00eb artistike n\u00eb fermentim, ku nevoja p\u00ebr hap\u00ebsira t\u00eb reja t\u00eb eksperimentimit \u00ebsht\u00eb jet\u00ebsore.&hellip;","og_url":"https:\/\/foundation17.org\/sq\/hapesirat-e-shtatembedhjete\/galeria17\/","og_site_name":"SHTAT\u00cbMB\u00cbDHJET\u00cb","article_publisher":"https:\/\/www.facebook.com\/fondacioni17","article_modified_time":"2025-05-16T22:35:17+00:00","og_image":[{"width":1920,"height":1080,"url":"https:\/\/foundation17.org\/wp-content\/uploads\/2022\/10\/cover_1920x1080px-02.jpg","type":"image\/jpeg"}],"twitter_card":"summary_large_image","twitter_misc":{"Est. reading time":"2 minutes"},"schema":{"@context":"https:\/\/schema.org","@graph":[{"@type":"WebPage","@id":"https:\/\/foundation17.org\/sq\/hapesirat-e-shtatembedhjete\/galeria17\/","url":"https:\/\/foundation17.org\/sq\/hapesirat-e-shtatembedhjete\/galeria17\/","name":"Galeria 17 - SHTAT\u00cbMB\u00cbDHJET\u00cb","isPartOf":{"@id":"https:\/\/foundation17.org\/#website"},"primaryImageOfPage":{"@id":"https:\/\/foundation17.org\/sq\/hapesirat-e-shtatembedhjete\/galeria17\/#primaryimage"},"image":{"@id":"https:\/\/foundation17.org\/sq\/hapesirat-e-shtatembedhjete\/galeria17\/#primaryimage"},"thumbnailUrl":"https:\/\/foundation17.org\/wp-content\/uploads\/2022\/10\/cover_1920x1080px-02-1024x576.jpg","datePublished":"2025-05-05T22:41:08+00:00","dateModified":"2025-05-16T22:35:17+00:00","breadcrumb":{"@id":"https:\/\/foundation17.org\/sq\/hapesirat-e-shtatembedhjete\/galeria17\/#breadcrumb"},"inLanguage":"sq-AL","potentialAction":[{"@type":"ReadAction","target":["https:\/\/foundation17.org\/sq\/hapesirat-e-shtatembedhjete\/galeria17\/"]}]},{"@type":"ImageObject","inLanguage":"sq-AL","@id":"https:\/\/foundation17.org\/sq\/hapesirat-e-shtatembedhjete\/galeria17\/#primaryimage","url":"https:\/\/foundation17.org\/wp-content\/uploads\/2022\/10\/cover_1920x1080px-02-1024x576.jpg","contentUrl":"https:\/\/foundation17.org\/wp-content\/uploads\/2022\/10\/cover_1920x1080px-02-1024x576.jpg"},{"@type":"BreadcrumbList","@id":"https:\/\/foundation17.org\/sq\/hapesirat-e-shtatembedhjete\/galeria17\/#breadcrumb","itemListElement":[{"@type":"ListItem","position":1,"name":"Home","item":"https:\/\/foundation17.org\/sq\/"},{"@type":"ListItem","position":2,"name":"Hap\u00ebsirat e Shtat\u00ebmb\u00ebdhjet\u00eb","item":"https:\/\/foundation17.org\/sq\/hapesirat-e-shtatembedhjete\/"},{"@type":"ListItem","position":3,"name":"Galeria 17"}]},{"@type":"WebSite","@id":"https:\/\/foundation17.org\/#website","url":"https:\/\/foundation17.org\/","name":"SHTAT\u00cbMB\u00cbDHJET\u00cb","description":"is a nonprofit organization established in Prishtina, Kosovo in 2018. 17 started initially as a collaborative duo with the aim of making visually and intellectually engaging artworks that explore social and psychological perspectives through Experimental Video Art. Building on this experience and the need to refunctionalize alternative public spaces, Shtat\u00ebmb\u00ebdhjet\u00eb has been registered as a foundation that aims to foster positive change in society through enabling cultural vitality and creativity.","publisher":{"@id":"https:\/\/foundation17.org\/#organization"},"potentialAction":[{"@type":"SearchAction","target":{"@type":"EntryPoint","urlTemplate":"https:\/\/foundation17.org\/?s={search_term_string}"},"query-input":{"@type":"PropertyValueSpecification","valueRequired":true,"valueName":"search_term_string"}}],"inLanguage":"sq-AL"},{"@type":"Organization","@id":"https:\/\/foundation17.org\/#organization","name":"SHTAT\u00cbMB\u00cbDHJET\u00cb","url":"https:\/\/foundation17.org\/","logo":{"@type":"ImageObject","inLanguage":"sq-AL","@id":"https:\/\/foundation17.org\/#\/schema\/logo\/image\/","url":"https:\/\/foundation17.org\/wp-content\/uploads\/2021\/04\/f17logo.png","contentUrl":"https:\/\/foundation17.org\/wp-content\/uploads\/2021\/04\/f17logo.png","width":470,"height":470,"caption":"SHTAT\u00cbMB\u00cbDHJET\u00cb"},"image":{"@id":"https:\/\/foundation17.org\/#\/schema\/logo\/image\/"},"sameAs":["https:\/\/www.facebook.com\/fondacioni17"]}]}},"_links":{"self":[{"href":"https:\/\/foundation17.org\/sq\/wp-json\/wp\/v2\/pages\/58478","targetHints":{"allow":["GET"]}}],"collection":[{"href":"https:\/\/foundation17.org\/sq\/wp-json\/wp\/v2\/pages"}],"about":[{"href":"https:\/\/foundation17.org\/sq\/wp-json\/wp\/v2\/types\/page"}],"author":[{"embeddable":true,"href":"https:\/\/foundation17.org\/sq\/wp-json\/wp\/v2\/users\/1"}],"replies":[{"embeddable":true,"href":"https:\/\/foundation17.org\/sq\/wp-json\/wp\/v2\/comments?post=58478"}],"version-history":[{"count":2,"href":"https:\/\/foundation17.org\/sq\/wp-json\/wp\/v2\/pages\/58478\/revisions"}],"predecessor-version":[{"id":58480,"href":"https:\/\/foundation17.org\/sq\/wp-json\/wp\/v2\/pages\/58478\/revisions\/58480"}],"up":[{"embeddable":true,"href":"https:\/\/foundation17.org\/sq\/wp-json\/wp\/v2\/pages\/56328"}],"wp:attachment":[{"href":"https:\/\/foundation17.org\/sq\/wp-json\/wp\/v2\/media?parent=58478"}],"curies":[{"name":"wp","href":"https:\/\/api.w.org\/{rel}","templated":true}]}}