{"id":58472,"date":"2025-05-05T22:18:51","date_gmt":"2025-05-05T22:18:51","guid":{"rendered":"https:\/\/foundation17.org\/archive\/"},"modified":"2025-05-05T22:21:25","modified_gmt":"2025-05-05T22:21:25","slug":"arkivi","status":"publish","type":"page","link":"https:\/\/foundation17.org\/sq\/arkivi\/","title":{"rendered":"Arkivi"},"content":{"rendered":"","protected":false},"excerpt":{"rendered":"","protected":false},"author":1,"featured_media":0,"parent":0,"menu_order":0,"comment_status":"closed","ping_status":"closed","template":"","meta":{"nf_dc_page":"","om_disable_all_campaigns":false,"footnotes":""},"class_list":["post-58472","page","type-page","status-publish","hentry","description-off"],"yoast_head":"<!-- This site is optimized with the Yoast SEO plugin v27.4 - https:\/\/yoast.com\/product\/yoast-seo-wordpress\/ -->\n<title>Arkivi - SHTAT\u00cbMB\u00cbDHJET\u00cb<\/title>\n<meta name=\"robots\" content=\"index, follow, max-snippet:-1, max-image-preview:large, max-video-preview:-1\" \/>\n<link rel=\"canonical\" href=\"https:\/\/foundation17.org\/sq\/arkivi\/\" \/>\n<meta property=\"og:locale\" content=\"sq_AL\" \/>\n<meta property=\"og:type\" content=\"article\" \/>\n<meta property=\"og:title\" content=\"Arkivi - SHTAT\u00cbMB\u00cbDHJET\u00cb\" \/>\n<meta property=\"og:url\" content=\"https:\/\/foundation17.org\/sq\/arkivi\/\" \/>\n<meta property=\"og:site_name\" content=\"SHTAT\u00cbMB\u00cbDHJET\u00cb\" \/>\n<meta property=\"article:publisher\" content=\"https:\/\/www.facebook.com\/fondacioni17\" \/>\n<meta property=\"article:modified_time\" content=\"2025-05-05T22:21:25+00:00\" \/>\n<meta name=\"twitter:card\" content=\"summary_large_image\" \/>\n<script type=\"application\/ld+json\" class=\"yoast-schema-graph\">{\"@context\":\"https:\\\/\\\/schema.org\",\"@graph\":[{\"@type\":\"WebPage\",\"@id\":\"https:\\\/\\\/foundation17.org\\\/sq\\\/arkivi\\\/\",\"url\":\"https:\\\/\\\/foundation17.org\\\/sq\\\/arkivi\\\/\",\"name\":\"Arkivi - SHTAT\u00cbMB\u00cbDHJET\u00cb\",\"isPartOf\":{\"@id\":\"https:\\\/\\\/foundation17.org\\\/#website\"},\"datePublished\":\"2025-05-05T22:18:51+00:00\",\"dateModified\":\"2025-05-05T22:21:25+00:00\",\"breadcrumb\":{\"@id\":\"https:\\\/\\\/foundation17.org\\\/sq\\\/arkivi\\\/#breadcrumb\"},\"inLanguage\":\"sq-AL\",\"potentialAction\":[{\"@type\":\"ReadAction\",\"target\":[\"https:\\\/\\\/foundation17.org\\\/sq\\\/arkivi\\\/\"]}]},{\"@type\":\"BreadcrumbList\",\"@id\":\"https:\\\/\\\/foundation17.org\\\/sq\\\/arkivi\\\/#breadcrumb\",\"itemListElement\":[{\"@type\":\"ListItem\",\"position\":1,\"name\":\"Home\",\"item\":\"https:\\\/\\\/foundation17.org\\\/sq\\\/\"},{\"@type\":\"ListItem\",\"position\":2,\"name\":\"Arkivi\"}]},{\"@type\":\"WebSite\",\"@id\":\"https:\\\/\\\/foundation17.org\\\/#website\",\"url\":\"https:\\\/\\\/foundation17.org\\\/\",\"name\":\"SHTAT\u00cbMB\u00cbDHJET\u00cb\",\"description\":\"is a nonprofit organization established in Prishtina, Kosovo in 2018. 17 started initially as a collaborative duo with the aim of making visually and intellectually engaging artworks that explore social and psychological perspectives through Experimental Video Art. Building on this experience and the need to refunctionalize alternative public spaces, Shtat\u00ebmb\u00ebdhjet\u00eb has been registered as a foundation that aims to foster positive change in society through enabling cultural vitality and creativity.\",\"publisher\":{\"@id\":\"https:\\\/\\\/foundation17.org\\\/#organization\"},\"potentialAction\":[{\"@type\":\"SearchAction\",\"target\":{\"@type\":\"EntryPoint\",\"urlTemplate\":\"https:\\\/\\\/foundation17.org\\\/?s={search_term_string}\"},\"query-input\":{\"@type\":\"PropertyValueSpecification\",\"valueRequired\":true,\"valueName\":\"search_term_string\"}}],\"inLanguage\":\"sq-AL\"},{\"@type\":\"Organization\",\"@id\":\"https:\\\/\\\/foundation17.org\\\/#organization\",\"name\":\"SHTAT\u00cbMB\u00cbDHJET\u00cb\",\"url\":\"https:\\\/\\\/foundation17.org\\\/\",\"logo\":{\"@type\":\"ImageObject\",\"inLanguage\":\"sq-AL\",\"@id\":\"https:\\\/\\\/foundation17.org\\\/#\\\/schema\\\/logo\\\/image\\\/\",\"url\":\"https:\\\/\\\/foundation17.org\\\/wp-content\\\/uploads\\\/2021\\\/04\\\/f17logo.png\",\"contentUrl\":\"https:\\\/\\\/foundation17.org\\\/wp-content\\\/uploads\\\/2021\\\/04\\\/f17logo.png\",\"width\":470,\"height\":470,\"caption\":\"SHTAT\u00cbMB\u00cbDHJET\u00cb\"},\"image\":{\"@id\":\"https:\\\/\\\/foundation17.org\\\/#\\\/schema\\\/logo\\\/image\\\/\"},\"sameAs\":[\"https:\\\/\\\/www.facebook.com\\\/fondacioni17\"]}]}<\/script>\n<!-- \/ Yoast SEO plugin. -->","yoast_head_json":{"title":"Arkivi - SHTAT\u00cbMB\u00cbDHJET\u00cb","robots":{"index":"index","follow":"follow","max-snippet":"max-snippet:-1","max-image-preview":"max-image-preview:large","max-video-preview":"max-video-preview:-1"},"canonical":"https:\/\/foundation17.org\/sq\/arkivi\/","og_locale":"sq_AL","og_type":"article","og_title":"Arkivi - SHTAT\u00cbMB\u00cbDHJET\u00cb","og_url":"https:\/\/foundation17.org\/sq\/arkivi\/","og_site_name":"SHTAT\u00cbMB\u00cbDHJET\u00cb","article_publisher":"https:\/\/www.facebook.com\/fondacioni17","article_modified_time":"2025-05-05T22:21:25+00:00","twitter_card":"summary_large_image","schema":{"@context":"https:\/\/schema.org","@graph":[{"@type":"WebPage","@id":"https:\/\/foundation17.org\/sq\/arkivi\/","url":"https:\/\/foundation17.org\/sq\/arkivi\/","name":"Arkivi - SHTAT\u00cbMB\u00cbDHJET\u00cb","isPartOf":{"@id":"https:\/\/foundation17.org\/#website"},"datePublished":"2025-05-05T22:18:51+00:00","dateModified":"2025-05-05T22:21:25+00:00","breadcrumb":{"@id":"https:\/\/foundation17.org\/sq\/arkivi\/#breadcrumb"},"inLanguage":"sq-AL","potentialAction":[{"@type":"ReadAction","target":["https:\/\/foundation17.org\/sq\/arkivi\/"]}]},{"@type":"BreadcrumbList","@id":"https:\/\/foundation17.org\/sq\/arkivi\/#breadcrumb","itemListElement":[{"@type":"ListItem","position":1,"name":"Home","item":"https:\/\/foundation17.org\/sq\/"},{"@type":"ListItem","position":2,"name":"Arkivi"}]},{"@type":"WebSite","@id":"https:\/\/foundation17.org\/#website","url":"https:\/\/foundation17.org\/","name":"SHTAT\u00cbMB\u00cbDHJET\u00cb","description":"is a nonprofit organization established in Prishtina, Kosovo in 2018. 17 started initially as a collaborative duo with the aim of making visually and intellectually engaging artworks that explore social and psychological perspectives through Experimental Video Art. Building on this experience and the need to refunctionalize alternative public spaces, Shtat\u00ebmb\u00ebdhjet\u00eb has been registered as a foundation that aims to foster positive change in society through enabling cultural vitality and creativity.","publisher":{"@id":"https:\/\/foundation17.org\/#organization"},"potentialAction":[{"@type":"SearchAction","target":{"@type":"EntryPoint","urlTemplate":"https:\/\/foundation17.org\/?s={search_term_string}"},"query-input":{"@type":"PropertyValueSpecification","valueRequired":true,"valueName":"search_term_string"}}],"inLanguage":"sq-AL"},{"@type":"Organization","@id":"https:\/\/foundation17.org\/#organization","name":"SHTAT\u00cbMB\u00cbDHJET\u00cb","url":"https:\/\/foundation17.org\/","logo":{"@type":"ImageObject","inLanguage":"sq-AL","@id":"https:\/\/foundation17.org\/#\/schema\/logo\/image\/","url":"https:\/\/foundation17.org\/wp-content\/uploads\/2021\/04\/f17logo.png","contentUrl":"https:\/\/foundation17.org\/wp-content\/uploads\/2021\/04\/f17logo.png","width":470,"height":470,"caption":"SHTAT\u00cbMB\u00cbDHJET\u00cb"},"image":{"@id":"https:\/\/foundation17.org\/#\/schema\/logo\/image\/"},"sameAs":["https:\/\/www.facebook.com\/fondacioni17"]}]}},"_links":{"self":[{"href":"https:\/\/foundation17.org\/sq\/wp-json\/wp\/v2\/pages\/58472","targetHints":{"allow":["GET"]}}],"collection":[{"href":"https:\/\/foundation17.org\/sq\/wp-json\/wp\/v2\/pages"}],"about":[{"href":"https:\/\/foundation17.org\/sq\/wp-json\/wp\/v2\/types\/page"}],"author":[{"embeddable":true,"href":"https:\/\/foundation17.org\/sq\/wp-json\/wp\/v2\/users\/1"}],"replies":[{"embeddable":true,"href":"https:\/\/foundation17.org\/sq\/wp-json\/wp\/v2\/comments?post=58472"}],"version-history":[{"count":1,"href":"https:\/\/foundation17.org\/sq\/wp-json\/wp\/v2\/pages\/58472\/revisions"}],"predecessor-version":[{"id":58473,"href":"https:\/\/foundation17.org\/sq\/wp-json\/wp\/v2\/pages\/58472\/revisions\/58473"}],"wp:attachment":[{"href":"https:\/\/foundation17.org\/sq\/wp-json\/wp\/v2\/media?parent=58472"}],"curies":[{"name":"wp","href":"https:\/\/api.w.org\/{rel}","templated":true}]}}