{"id":56328,"date":"2021-04-27T21:14:19","date_gmt":"2021-04-27T21:14:19","guid":{"rendered":"https:\/\/foundation17.org\/projects\/"},"modified":"2022-10-24T08:30:19","modified_gmt":"2022-10-24T08:30:19","slug":"hapesirat-e-shtatembedhjete","status":"publish","type":"page","link":"https:\/\/foundation17.org\/sq\/hapesirat-e-shtatembedhjete\/","title":{"rendered":"Hap\u00ebsirat e Shtat\u00ebmb\u00ebdhjet\u00eb"},"content":{"rendered":"<div class=\"wpb-content-wrapper\"><p>[vc_row][vc_column width=&#8221;1\/6&#8243;][\/vc_column][vc_column width=&#8221;2\/3&#8243;][vc_column_text][\/vc_column_text][\/vc_column][vc_column width=&#8221;1\/6&#8243;][\/vc_column][\/vc_row][vc_row][vc_column width=&#8221;1\/6&#8243;][\/vc_column][vc_column width=&#8221;2\/3&#8243;][\/vc_column][vc_column width=&#8221;1\/6&#8243;][\/vc_column][\/vc_row]<\/p>\n<\/div>","protected":false},"excerpt":{"rendered":"<p>[vc_row][vc_column width=&#8221;1\/6&#8243;][\/vc_column][vc_column width=&#8221;2\/3&#8243;][vc_column_text][\/vc_column_text][\/vc_column][vc_column width=&#8221;1\/6&#8243;][\/vc_column][\/vc_row][vc_row][vc_column width=&#8221;1\/6&#8243;][\/vc_column][vc_column width=&#8221;2\/3&#8243;][\/vc_column][vc_column width=&#8221;1\/6&#8243;][\/vc_column][\/vc_row]<\/p>\n","protected":false},"author":1,"featured_media":0,"parent":0,"menu_order":0,"comment_status":"closed","ping_status":"closed","template":"","meta":{"nf_dc_page":"","om_disable_all_campaigns":false,"footnotes":""},"class_list":["post-56328","page","type-page","status-publish","hentry","description-off"],"yoast_head":"<!-- This site is optimized with the Yoast SEO plugin v27.4 - https:\/\/yoast.com\/product\/yoast-seo-wordpress\/ -->\n<title>Hap\u00ebsirat e Shtat\u00ebmb\u00ebdhjet\u00eb - SHTAT\u00cbMB\u00cbDHJET\u00cb<\/title>\n<meta name=\"robots\" content=\"index, follow, max-snippet:-1, max-image-preview:large, max-video-preview:-1\" \/>\n<link rel=\"canonical\" href=\"https:\/\/foundation17.org\/sq\/hapesirat-e-shtatembedhjete\/\" \/>\n<meta property=\"og:locale\" content=\"sq_AL\" \/>\n<meta property=\"og:type\" content=\"article\" \/>\n<meta property=\"og:title\" content=\"Hap\u00ebsirat e Shtat\u00ebmb\u00ebdhjet\u00eb - SHTAT\u00cbMB\u00cbDHJET\u00cb\" \/>\n<meta property=\"og:description\" content=\"[vc_row][vc_column width=&#8221;1\/6&#8243;][\/vc_column][vc_column width=&#8221;2\/3&#8243;][vc_column_text][\/vc_column_text][\/vc_column][vc_column width=&#8221;1\/6&#8243;][\/vc_column][\/vc_row][vc_row][vc_column width=&#8221;1\/6&#8243;][\/vc_column][vc_column width=&#8221;2\/3&#8243;][\/vc_column][vc_column width=&#8221;1\/6&#8243;][\/vc_column][\/vc_row]\" \/>\n<meta property=\"og:url\" content=\"https:\/\/foundation17.org\/sq\/hapesirat-e-shtatembedhjete\/\" \/>\n<meta property=\"og:site_name\" content=\"SHTAT\u00cbMB\u00cbDHJET\u00cb\" \/>\n<meta property=\"article:publisher\" content=\"https:\/\/www.facebook.com\/fondacioni17\" \/>\n<meta property=\"article:modified_time\" content=\"2022-10-24T08:30:19+00:00\" \/>\n<meta name=\"twitter:card\" content=\"summary_large_image\" \/>\n<meta name=\"twitter:label1\" content=\"Est. reading time\" \/>\n\t<meta name=\"twitter:data1\" content=\"1 minute\" \/>\n<script type=\"application\/ld+json\" class=\"yoast-schema-graph\">{\"@context\":\"https:\\\/\\\/schema.org\",\"@graph\":[{\"@type\":\"WebPage\",\"@id\":\"https:\\\/\\\/foundation17.org\\\/sq\\\/hapesirat-e-shtatembedhjete\\\/\",\"url\":\"https:\\\/\\\/foundation17.org\\\/sq\\\/hapesirat-e-shtatembedhjete\\\/\",\"name\":\"Hap\u00ebsirat e Shtat\u00ebmb\u00ebdhjet\u00eb - SHTAT\u00cbMB\u00cbDHJET\u00cb\",\"isPartOf\":{\"@id\":\"https:\\\/\\\/foundation17.org\\\/#website\"},\"datePublished\":\"2021-04-27T21:14:19+00:00\",\"dateModified\":\"2022-10-24T08:30:19+00:00\",\"breadcrumb\":{\"@id\":\"https:\\\/\\\/foundation17.org\\\/sq\\\/hapesirat-e-shtatembedhjete\\\/#breadcrumb\"},\"inLanguage\":\"sq-AL\",\"potentialAction\":[{\"@type\":\"ReadAction\",\"target\":[\"https:\\\/\\\/foundation17.org\\\/sq\\\/hapesirat-e-shtatembedhjete\\\/\"]}]},{\"@type\":\"BreadcrumbList\",\"@id\":\"https:\\\/\\\/foundation17.org\\\/sq\\\/hapesirat-e-shtatembedhjete\\\/#breadcrumb\",\"itemListElement\":[{\"@type\":\"ListItem\",\"position\":1,\"name\":\"Home\",\"item\":\"https:\\\/\\\/foundation17.org\\\/sq\\\/\"},{\"@type\":\"ListItem\",\"position\":2,\"name\":\"Hap\u00ebsirat e Shtat\u00ebmb\u00ebdhjet\u00eb\"}]},{\"@type\":\"WebSite\",\"@id\":\"https:\\\/\\\/foundation17.org\\\/#website\",\"url\":\"https:\\\/\\\/foundation17.org\\\/\",\"name\":\"SHTAT\u00cbMB\u00cbDHJET\u00cb\",\"description\":\"is a nonprofit organization established in Prishtina, Kosovo in 2018. 17 started initially as a collaborative duo with the aim of making visually and intellectually engaging artworks that explore social and psychological perspectives through Experimental Video Art. Building on this experience and the need to refunctionalize alternative public spaces, Shtat\u00ebmb\u00ebdhjet\u00eb has been registered as a foundation that aims to foster positive change in society through enabling cultural vitality and creativity.\",\"publisher\":{\"@id\":\"https:\\\/\\\/foundation17.org\\\/#organization\"},\"potentialAction\":[{\"@type\":\"SearchAction\",\"target\":{\"@type\":\"EntryPoint\",\"urlTemplate\":\"https:\\\/\\\/foundation17.org\\\/?s={search_term_string}\"},\"query-input\":{\"@type\":\"PropertyValueSpecification\",\"valueRequired\":true,\"valueName\":\"search_term_string\"}}],\"inLanguage\":\"sq-AL\"},{\"@type\":\"Organization\",\"@id\":\"https:\\\/\\\/foundation17.org\\\/#organization\",\"name\":\"SHTAT\u00cbMB\u00cbDHJET\u00cb\",\"url\":\"https:\\\/\\\/foundation17.org\\\/\",\"logo\":{\"@type\":\"ImageObject\",\"inLanguage\":\"sq-AL\",\"@id\":\"https:\\\/\\\/foundation17.org\\\/#\\\/schema\\\/logo\\\/image\\\/\",\"url\":\"https:\\\/\\\/foundation17.org\\\/wp-content\\\/uploads\\\/2021\\\/04\\\/f17logo.png\",\"contentUrl\":\"https:\\\/\\\/foundation17.org\\\/wp-content\\\/uploads\\\/2021\\\/04\\\/f17logo.png\",\"width\":470,\"height\":470,\"caption\":\"SHTAT\u00cbMB\u00cbDHJET\u00cb\"},\"image\":{\"@id\":\"https:\\\/\\\/foundation17.org\\\/#\\\/schema\\\/logo\\\/image\\\/\"},\"sameAs\":[\"https:\\\/\\\/www.facebook.com\\\/fondacioni17\"]}]}<\/script>\n<!-- \/ Yoast SEO plugin. -->","yoast_head_json":{"title":"Hap\u00ebsirat e Shtat\u00ebmb\u00ebdhjet\u00eb - SHTAT\u00cbMB\u00cbDHJET\u00cb","robots":{"index":"index","follow":"follow","max-snippet":"max-snippet:-1","max-image-preview":"max-image-preview:large","max-video-preview":"max-video-preview:-1"},"canonical":"https:\/\/foundation17.org\/sq\/hapesirat-e-shtatembedhjete\/","og_locale":"sq_AL","og_type":"article","og_title":"Hap\u00ebsirat e Shtat\u00ebmb\u00ebdhjet\u00eb - SHTAT\u00cbMB\u00cbDHJET\u00cb","og_description":"[vc_row][vc_column width=&#8221;1\/6&#8243;][\/vc_column][vc_column width=&#8221;2\/3&#8243;][vc_column_text][\/vc_column_text][\/vc_column][vc_column width=&#8221;1\/6&#8243;][\/vc_column][\/vc_row][vc_row][vc_column width=&#8221;1\/6&#8243;][\/vc_column][vc_column width=&#8221;2\/3&#8243;][\/vc_column][vc_column width=&#8221;1\/6&#8243;][\/vc_column][\/vc_row]","og_url":"https:\/\/foundation17.org\/sq\/hapesirat-e-shtatembedhjete\/","og_site_name":"SHTAT\u00cbMB\u00cbDHJET\u00cb","article_publisher":"https:\/\/www.facebook.com\/fondacioni17","article_modified_time":"2022-10-24T08:30:19+00:00","twitter_card":"summary_large_image","twitter_misc":{"Est. reading time":"1 minute"},"schema":{"@context":"https:\/\/schema.org","@graph":[{"@type":"WebPage","@id":"https:\/\/foundation17.org\/sq\/hapesirat-e-shtatembedhjete\/","url":"https:\/\/foundation17.org\/sq\/hapesirat-e-shtatembedhjete\/","name":"Hap\u00ebsirat e Shtat\u00ebmb\u00ebdhjet\u00eb - SHTAT\u00cbMB\u00cbDHJET\u00cb","isPartOf":{"@id":"https:\/\/foundation17.org\/#website"},"datePublished":"2021-04-27T21:14:19+00:00","dateModified":"2022-10-24T08:30:19+00:00","breadcrumb":{"@id":"https:\/\/foundation17.org\/sq\/hapesirat-e-shtatembedhjete\/#breadcrumb"},"inLanguage":"sq-AL","potentialAction":[{"@type":"ReadAction","target":["https:\/\/foundation17.org\/sq\/hapesirat-e-shtatembedhjete\/"]}]},{"@type":"BreadcrumbList","@id":"https:\/\/foundation17.org\/sq\/hapesirat-e-shtatembedhjete\/#breadcrumb","itemListElement":[{"@type":"ListItem","position":1,"name":"Home","item":"https:\/\/foundation17.org\/sq\/"},{"@type":"ListItem","position":2,"name":"Hap\u00ebsirat e Shtat\u00ebmb\u00ebdhjet\u00eb"}]},{"@type":"WebSite","@id":"https:\/\/foundation17.org\/#website","url":"https:\/\/foundation17.org\/","name":"SHTAT\u00cbMB\u00cbDHJET\u00cb","description":"is a nonprofit organization established in Prishtina, Kosovo in 2018. 17 started initially as a collaborative duo with the aim of making visually and intellectually engaging artworks that explore social and psychological perspectives through Experimental Video Art. Building on this experience and the need to refunctionalize alternative public spaces, Shtat\u00ebmb\u00ebdhjet\u00eb has been registered as a foundation that aims to foster positive change in society through enabling cultural vitality and creativity.","publisher":{"@id":"https:\/\/foundation17.org\/#organization"},"potentialAction":[{"@type":"SearchAction","target":{"@type":"EntryPoint","urlTemplate":"https:\/\/foundation17.org\/?s={search_term_string}"},"query-input":{"@type":"PropertyValueSpecification","valueRequired":true,"valueName":"search_term_string"}}],"inLanguage":"sq-AL"},{"@type":"Organization","@id":"https:\/\/foundation17.org\/#organization","name":"SHTAT\u00cbMB\u00cbDHJET\u00cb","url":"https:\/\/foundation17.org\/","logo":{"@type":"ImageObject","inLanguage":"sq-AL","@id":"https:\/\/foundation17.org\/#\/schema\/logo\/image\/","url":"https:\/\/foundation17.org\/wp-content\/uploads\/2021\/04\/f17logo.png","contentUrl":"https:\/\/foundation17.org\/wp-content\/uploads\/2021\/04\/f17logo.png","width":470,"height":470,"caption":"SHTAT\u00cbMB\u00cbDHJET\u00cb"},"image":{"@id":"https:\/\/foundation17.org\/#\/schema\/logo\/image\/"},"sameAs":["https:\/\/www.facebook.com\/fondacioni17"]}]}},"_links":{"self":[{"href":"https:\/\/foundation17.org\/sq\/wp-json\/wp\/v2\/pages\/56328","targetHints":{"allow":["GET"]}}],"collection":[{"href":"https:\/\/foundation17.org\/sq\/wp-json\/wp\/v2\/pages"}],"about":[{"href":"https:\/\/foundation17.org\/sq\/wp-json\/wp\/v2\/types\/page"}],"author":[{"embeddable":true,"href":"https:\/\/foundation17.org\/sq\/wp-json\/wp\/v2\/users\/1"}],"replies":[{"embeddable":true,"href":"https:\/\/foundation17.org\/sq\/wp-json\/wp\/v2\/comments?post=56328"}],"version-history":[{"count":0,"href":"https:\/\/foundation17.org\/sq\/wp-json\/wp\/v2\/pages\/56328\/revisions"}],"wp:attachment":[{"href":"https:\/\/foundation17.org\/sq\/wp-json\/wp\/v2\/media?parent=56328"}],"curies":[{"name":"wp","href":"https:\/\/api.w.org\/{rel}","templated":true}]}}