{"id":56309,"date":"2021-04-27T21:13:14","date_gmt":"2021-04-27T21:13:14","guid":{"rendered":"https:\/\/foundation17.org\/what-we-do\/"},"modified":"2022-11-23T21:33:47","modified_gmt":"2022-11-23T21:33:47","slug":"fokusi-yne","status":"publish","type":"page","link":"https:\/\/foundation17.org\/sq\/fokusi-yne\/","title":{"rendered":"Fokusi yn\u00eb"},"content":{"rendered":"<div class=\"wpb-content-wrapper\"><p>[vc_row][vc_column width=&#8221;1\/6&#8243;][\/vc_column][vc_column width=&#8221;2\/3&#8243;][vc_row_inner][vc_column_inner width=&#8221;1\/2&#8243;][vc_column_text]<\/p>\n<div id=\"comp-jvksdtma\" class=\"_2bafp\" data-testid=\"richTextElement\">\n<h3>ART &amp; EDUKIM<\/h3>\n<p>Integrimi i artit dhe edukimit n\u00eb rivitalizim t\u00eb komunitetit \u00ebsht\u00eb parakusht p\u00ebr ndryshime afatgjate q\u00eb mund t\u00eb ndikojn\u00eb sistemet q\u00eb lidhen me zhvillimin dhe paktikat q\u00eb zgjerojn\u00eb mund\u00ebsit\u00eb p\u00ebr qytetar\u00ebt e t\u00eb gjitha gjinive. T\u00eb gjith\u00eb meritojn\u00eb t\u00eb ken\u00eb mund\u00ebsi t\u00eb zhvillojn\u00eb potencialin e tyre kreativ dhe t\u00eb marrin pjes\u00eb e kontribuojn\u00eb n\u00eb m\u00ebnyr\u00eb dometh\u00ebn\u00ebse n\u00eb komunitet nga praktikat e artit dhe edukimit. P\u00ebrmes programit t\u00eb Artit dhe Edukimit ne sjellim n\u00eb nj\u00eb vend artist\u00eb\/e, t\u00eb rinj e t\u00eb reja, student\u00eb t\u00eb niveleve t\u00eb ndryshme, ndikime kulturore dhe audienca, p\u00ebr t\u00eb adresuar disa prej problemeve m\u00eb komplekse t\u00eb shoq\u00ebris\u00eb, dhe p\u00ebrfundimisht t\u00eb nxitet ndryshimi p\u00ebrmes dialogut. Shtat\u00ebmb\u00ebdhjet\u00eb ka p\u00ebr q\u00ebllim t\u00eb mund\u00ebsoj\u00eb k\u00ebt\u00eb p\u00ebrmes organizimit t\u00eb projekteve t\u00eb q\u00ebndrueshme, hart\u00ebzimit t\u00eb rrjeteve, kurimit t\u00eb ekspozitave, ligj\u00ebratave, forumeve, seminareve, hulumtimeve, publikimeve, rezidencave artistike, prodhimit, nd\u00ebrhyrjeve artistike specifike p\u00ebr lokacionin dhe gjenerimi i diskurseve n\u00eb Art dhe Edukim.<\/p>\n<\/div>\n<p>[\/vc_column_text][\/vc_column_inner][vc_column_inner width=&#8221;1\/2&#8243;][vc_single_image image=&#8221;56242&#8243; img_size=&#8221;984&#215;1564&#8243;][\/vc_column_inner][\/vc_row_inner][\/vc_column][vc_column width=&#8221;1\/6&#8243;][\/vc_column][\/vc_row][vc_row][vc_column width=&#8221;1\/6&#8243;][\/vc_column][vc_column width=&#8221;2\/3&#8243;][vc_row_inner][vc_column_inner width=&#8221;1\/2&#8243;][vc_single_image image=&#8221;55680&#8243; img_size=&#8221;full&#8221;][\/vc_column_inner][vc_column_inner width=&#8221;1\/2&#8243;][vc_column_text]<\/p>\n<div id=\"comp-jvksdtmm\" class=\"_2bafp\" data-testid=\"richTextElement\">\n<h3 class=\"font_0\">HAP\u00cbSIRA<\/h3>\n<p class=\"font_0\">Ky program synon t\u00eb ushqej\u00eb dhe mb\u00ebshtes hap\u00ebsirat e t\u00eb menduarit dhe t\u00eb veprimit, n\u00eb kuptimin e gjer\u00eb t\u00eb fjal\u00ebs. K\u00ebto hap\u00ebsira marrin form\u00ebn e qendrave nd\u00ebrdisiplinore q\u00eb kombinojn\u00eb an\u00ebn intelektuale dhe kreative n\u00eb m\u00ebnyr\u00eb q\u00eb t\u00eb krijojn\u00eb nj\u00eb forum i cili na mund\u00ebson t\u00eb reagojm\u00eb karshi \u00e7\u00ebshtjeve sociale. Ato ofrojn\u00eb nj\u00eb platform\u00eb t\u00eb p\u00ebrfshirjes n\u00eb dialog konstruktiv duke inkurajuar pyetje t\u00eb cilat m\u00ebtojn\u00eb t\u00eb shtyjn\u00eb kufij dhe t\u00eb sfidojn\u00eb p\u00ebrgjigje konvencionale. Po ashtu mb\u00ebshtesin krijimin e perspektivave globale t\u00eb shum\u00ebllojshme dhe shum\u00ebplan\u00ebshe si\u00e7 p\u00ebrfaq\u00ebsohen nga shk\u00ebmbimi dinamik dhe p\u00ebrfshirja e komuniteteve dhe artist\u00ebve\/eve.<br \/>\nQ\u00ebllimisht ato jan\u00eb t\u00eb pozicionuara si pjes\u00eb e nj\u00eb rrjeti m\u00eb t\u00eb madh t\u00eb qendrave q\u00eb sjellin ndryshim dhe do t\u00eb zgjerohen n\u00eb vazhdim\u00ebsi n\u00ebp\u00ebrmjet aktiviteteve t\u00eb identifikimit t\u00eb hap\u00ebsirave.<\/p>\n<\/div>\n<p>[\/vc_column_text][\/vc_column_inner][\/vc_row_inner][\/vc_column][vc_column width=&#8221;1\/6&#8243;][\/vc_column][\/vc_row][vc_row][vc_column width=&#8221;1\/6&#8243;][\/vc_column][vc_column width=&#8221;2\/3&#8243;][vc_row_inner][vc_column_inner width=&#8221;1\/2&#8243;][vc_column_text]<\/p>\n<div id=\"comp-jvksdtn6\" class=\"_2bafp\" data-testid=\"richTextElement\">\n<h3 class=\"font_0\">AKTIVIZMI KULTUROR<\/h3>\n<p class=\"font_0\">Programi i Aktivizmit Kulturor aspiron t\u00eb inkurajoj\u00eb aktivizmin kulturor p\u00ebrmes edukimit, shtrirjes, nd\u00ebrhyrjeve artistike dhe veprimeve avokuese p\u00ebr t\u00eb krijuar hap\u00ebsira publike gjith\u00ebp\u00ebrfshir\u00ebse q\u00eb \u00e7ojn\u00eb n\u00eb ndryshime sociale. Shtat\u00ebmb\u00ebdhjet\u00eb angazhon qytetar\u00eb t\u00eb t\u00eb gjitha gjinive n\u00eb jet\u00ebn publike p\u00ebrmes mund\u00ebsive dometh\u00ebn\u00ebse t\u00eb pjes\u00ebmarrjes dhe zhvillon partneritete q\u00eb zgjerojn\u00eb pjes\u00ebmarrjen e komunitetit n\u00eb jet\u00ebn publike si dhe punon me institucionet dhe organizatat publike qendrore dhe lokale p\u00ebr t\u00eb krijuar sinergji p\u00ebr prioritetet tona t\u00eb p\u00ebrbashk\u00ebta. Ky program sfidon interpretimet dhe konstruksionet mbizot\u00ebruese t\u00eb bot\u00ebs, nd\u00ebrsa paraqet imagjinat\u00ebn alternative socio-politike dhe hap\u00ebsinore n\u00eb m\u00ebnyra q\u00eb sfidojn\u00eb marr\u00ebdh\u00ebniet midis artit, politik\u00ebs, pjes\u00ebmarrjes dhe spektatorit.<\/p>\n<\/div>\n<p>[\/vc_column_text][\/vc_column_inner][vc_column_inner width=&#8221;1\/2&#8243;][vc_single_image image=&#8221;56835&#8243; img_size=&#8221;902&#215;1442&#8243;][\/vc_column_inner][\/vc_row_inner][\/vc_column][vc_column width=&#8221;1\/6&#8243;][\/vc_column][\/vc_row]<\/p>\n<\/div>","protected":false},"excerpt":{"rendered":"<p>[vc_row][vc_column width=&#8221;1\/6&#8243;][\/vc_column][vc_column width=&#8221;2\/3&#8243;][vc_row_inner][vc_column_inner width=&#8221;1\/2&#8243;][vc_column_text] ART &amp; EDUKIM Integrimi i artit dhe edukimit n\u00eb rivitalizim t\u00eb komunitetit \u00ebsht\u00eb parakusht p\u00ebr ndryshime afatgjate q\u00eb mund t\u00eb ndikojn\u00eb sistemet q\u00eb lidhen me zhvillimin&hellip;<\/p>\n","protected":false},"author":1,"featured_media":0,"parent":0,"menu_order":0,"comment_status":"closed","ping_status":"closed","template":"","meta":{"nf_dc_page":"","om_disable_all_campaigns":false,"footnotes":""},"class_list":["post-56309","page","type-page","status-publish","hentry","description-off"],"yoast_head":"<!-- This site is optimized with the Yoast SEO plugin v27.4 - https:\/\/yoast.com\/product\/yoast-seo-wordpress\/ -->\n<title>Fokusi yn\u00eb - SHTAT\u00cbMB\u00cbDHJET\u00cb<\/title>\n<meta name=\"robots\" content=\"index, follow, max-snippet:-1, max-image-preview:large, max-video-preview:-1\" \/>\n<link rel=\"canonical\" href=\"https:\/\/foundation17.org\/sq\/fokusi-yne\/\" \/>\n<meta property=\"og:locale\" content=\"sq_AL\" \/>\n<meta property=\"og:type\" content=\"article\" \/>\n<meta property=\"og:title\" content=\"Fokusi yn\u00eb - SHTAT\u00cbMB\u00cbDHJET\u00cb\" \/>\n<meta property=\"og:description\" content=\"[vc_row][vc_column width=&#8221;1\/6&#8243;][\/vc_column][vc_column width=&#8221;2\/3&#8243;][vc_row_inner][vc_column_inner width=&#8221;1\/2&#8243;][vc_column_text] ART &amp; EDUKIM Integrimi i artit dhe edukimit n\u00eb rivitalizim t\u00eb komunitetit \u00ebsht\u00eb parakusht p\u00ebr ndryshime afatgjate q\u00eb mund t\u00eb ndikojn\u00eb sistemet q\u00eb lidhen me zhvillimin&hellip;\" \/>\n<meta property=\"og:url\" content=\"https:\/\/foundation17.org\/sq\/fokusi-yne\/\" \/>\n<meta property=\"og:site_name\" content=\"SHTAT\u00cbMB\u00cbDHJET\u00cb\" \/>\n<meta property=\"article:publisher\" content=\"https:\/\/www.facebook.com\/fondacioni17\" \/>\n<meta property=\"article:modified_time\" content=\"2022-11-23T21:33:47+00:00\" \/>\n<meta name=\"twitter:card\" content=\"summary_large_image\" \/>\n<meta name=\"twitter:label1\" content=\"Est. reading time\" \/>\n\t<meta name=\"twitter:data1\" content=\"2 minutes\" \/>\n<script type=\"application\/ld+json\" class=\"yoast-schema-graph\">{\"@context\":\"https:\\\/\\\/schema.org\",\"@graph\":[{\"@type\":\"WebPage\",\"@id\":\"https:\\\/\\\/foundation17.org\\\/sq\\\/fokusi-yne\\\/\",\"url\":\"https:\\\/\\\/foundation17.org\\\/sq\\\/fokusi-yne\\\/\",\"name\":\"Fokusi yn\u00eb - SHTAT\u00cbMB\u00cbDHJET\u00cb\",\"isPartOf\":{\"@id\":\"https:\\\/\\\/foundation17.org\\\/#website\"},\"datePublished\":\"2021-04-27T21:13:14+00:00\",\"dateModified\":\"2022-11-23T21:33:47+00:00\",\"breadcrumb\":{\"@id\":\"https:\\\/\\\/foundation17.org\\\/sq\\\/fokusi-yne\\\/#breadcrumb\"},\"inLanguage\":\"sq-AL\",\"potentialAction\":[{\"@type\":\"ReadAction\",\"target\":[\"https:\\\/\\\/foundation17.org\\\/sq\\\/fokusi-yne\\\/\"]}]},{\"@type\":\"BreadcrumbList\",\"@id\":\"https:\\\/\\\/foundation17.org\\\/sq\\\/fokusi-yne\\\/#breadcrumb\",\"itemListElement\":[{\"@type\":\"ListItem\",\"position\":1,\"name\":\"Home\",\"item\":\"https:\\\/\\\/foundation17.org\\\/sq\\\/\"},{\"@type\":\"ListItem\",\"position\":2,\"name\":\"Fokusi yn\u00eb\"}]},{\"@type\":\"WebSite\",\"@id\":\"https:\\\/\\\/foundation17.org\\\/#website\",\"url\":\"https:\\\/\\\/foundation17.org\\\/\",\"name\":\"SHTAT\u00cbMB\u00cbDHJET\u00cb\",\"description\":\"is a nonprofit organization established in Prishtina, Kosovo in 2018. 17 started initially as a collaborative duo with the aim of making visually and intellectually engaging artworks that explore social and psychological perspectives through Experimental Video Art. Building on this experience and the need to refunctionalize alternative public spaces, Shtat\u00ebmb\u00ebdhjet\u00eb has been registered as a foundation that aims to foster positive change in society through enabling cultural vitality and creativity.\",\"publisher\":{\"@id\":\"https:\\\/\\\/foundation17.org\\\/#organization\"},\"potentialAction\":[{\"@type\":\"SearchAction\",\"target\":{\"@type\":\"EntryPoint\",\"urlTemplate\":\"https:\\\/\\\/foundation17.org\\\/?s={search_term_string}\"},\"query-input\":{\"@type\":\"PropertyValueSpecification\",\"valueRequired\":true,\"valueName\":\"search_term_string\"}}],\"inLanguage\":\"sq-AL\"},{\"@type\":\"Organization\",\"@id\":\"https:\\\/\\\/foundation17.org\\\/#organization\",\"name\":\"SHTAT\u00cbMB\u00cbDHJET\u00cb\",\"url\":\"https:\\\/\\\/foundation17.org\\\/\",\"logo\":{\"@type\":\"ImageObject\",\"inLanguage\":\"sq-AL\",\"@id\":\"https:\\\/\\\/foundation17.org\\\/#\\\/schema\\\/logo\\\/image\\\/\",\"url\":\"https:\\\/\\\/foundation17.org\\\/wp-content\\\/uploads\\\/2021\\\/04\\\/f17logo.png\",\"contentUrl\":\"https:\\\/\\\/foundation17.org\\\/wp-content\\\/uploads\\\/2021\\\/04\\\/f17logo.png\",\"width\":470,\"height\":470,\"caption\":\"SHTAT\u00cbMB\u00cbDHJET\u00cb\"},\"image\":{\"@id\":\"https:\\\/\\\/foundation17.org\\\/#\\\/schema\\\/logo\\\/image\\\/\"},\"sameAs\":[\"https:\\\/\\\/www.facebook.com\\\/fondacioni17\"]}]}<\/script>\n<!-- \/ Yoast SEO plugin. -->","yoast_head_json":{"title":"Fokusi yn\u00eb - SHTAT\u00cbMB\u00cbDHJET\u00cb","robots":{"index":"index","follow":"follow","max-snippet":"max-snippet:-1","max-image-preview":"max-image-preview:large","max-video-preview":"max-video-preview:-1"},"canonical":"https:\/\/foundation17.org\/sq\/fokusi-yne\/","og_locale":"sq_AL","og_type":"article","og_title":"Fokusi yn\u00eb - SHTAT\u00cbMB\u00cbDHJET\u00cb","og_description":"[vc_row][vc_column width=&#8221;1\/6&#8243;][\/vc_column][vc_column width=&#8221;2\/3&#8243;][vc_row_inner][vc_column_inner width=&#8221;1\/2&#8243;][vc_column_text] ART &amp; EDUKIM Integrimi i artit dhe edukimit n\u00eb rivitalizim t\u00eb komunitetit \u00ebsht\u00eb parakusht p\u00ebr ndryshime afatgjate q\u00eb mund t\u00eb ndikojn\u00eb sistemet q\u00eb lidhen me zhvillimin&hellip;","og_url":"https:\/\/foundation17.org\/sq\/fokusi-yne\/","og_site_name":"SHTAT\u00cbMB\u00cbDHJET\u00cb","article_publisher":"https:\/\/www.facebook.com\/fondacioni17","article_modified_time":"2022-11-23T21:33:47+00:00","twitter_card":"summary_large_image","twitter_misc":{"Est. reading time":"2 minutes"},"schema":{"@context":"https:\/\/schema.org","@graph":[{"@type":"WebPage","@id":"https:\/\/foundation17.org\/sq\/fokusi-yne\/","url":"https:\/\/foundation17.org\/sq\/fokusi-yne\/","name":"Fokusi yn\u00eb - SHTAT\u00cbMB\u00cbDHJET\u00cb","isPartOf":{"@id":"https:\/\/foundation17.org\/#website"},"datePublished":"2021-04-27T21:13:14+00:00","dateModified":"2022-11-23T21:33:47+00:00","breadcrumb":{"@id":"https:\/\/foundation17.org\/sq\/fokusi-yne\/#breadcrumb"},"inLanguage":"sq-AL","potentialAction":[{"@type":"ReadAction","target":["https:\/\/foundation17.org\/sq\/fokusi-yne\/"]}]},{"@type":"BreadcrumbList","@id":"https:\/\/foundation17.org\/sq\/fokusi-yne\/#breadcrumb","itemListElement":[{"@type":"ListItem","position":1,"name":"Home","item":"https:\/\/foundation17.org\/sq\/"},{"@type":"ListItem","position":2,"name":"Fokusi yn\u00eb"}]},{"@type":"WebSite","@id":"https:\/\/foundation17.org\/#website","url":"https:\/\/foundation17.org\/","name":"SHTAT\u00cbMB\u00cbDHJET\u00cb","description":"is a nonprofit organization established in Prishtina, Kosovo in 2018. 17 started initially as a collaborative duo with the aim of making visually and intellectually engaging artworks that explore social and psychological perspectives through Experimental Video Art. Building on this experience and the need to refunctionalize alternative public spaces, Shtat\u00ebmb\u00ebdhjet\u00eb has been registered as a foundation that aims to foster positive change in society through enabling cultural vitality and creativity.","publisher":{"@id":"https:\/\/foundation17.org\/#organization"},"potentialAction":[{"@type":"SearchAction","target":{"@type":"EntryPoint","urlTemplate":"https:\/\/foundation17.org\/?s={search_term_string}"},"query-input":{"@type":"PropertyValueSpecification","valueRequired":true,"valueName":"search_term_string"}}],"inLanguage":"sq-AL"},{"@type":"Organization","@id":"https:\/\/foundation17.org\/#organization","name":"SHTAT\u00cbMB\u00cbDHJET\u00cb","url":"https:\/\/foundation17.org\/","logo":{"@type":"ImageObject","inLanguage":"sq-AL","@id":"https:\/\/foundation17.org\/#\/schema\/logo\/image\/","url":"https:\/\/foundation17.org\/wp-content\/uploads\/2021\/04\/f17logo.png","contentUrl":"https:\/\/foundation17.org\/wp-content\/uploads\/2021\/04\/f17logo.png","width":470,"height":470,"caption":"SHTAT\u00cbMB\u00cbDHJET\u00cb"},"image":{"@id":"https:\/\/foundation17.org\/#\/schema\/logo\/image\/"},"sameAs":["https:\/\/www.facebook.com\/fondacioni17"]}]}},"_links":{"self":[{"href":"https:\/\/foundation17.org\/sq\/wp-json\/wp\/v2\/pages\/56309","targetHints":{"allow":["GET"]}}],"collection":[{"href":"https:\/\/foundation17.org\/sq\/wp-json\/wp\/v2\/pages"}],"about":[{"href":"https:\/\/foundation17.org\/sq\/wp-json\/wp\/v2\/types\/page"}],"author":[{"embeddable":true,"href":"https:\/\/foundation17.org\/sq\/wp-json\/wp\/v2\/users\/1"}],"replies":[{"embeddable":true,"href":"https:\/\/foundation17.org\/sq\/wp-json\/wp\/v2\/comments?post=56309"}],"version-history":[{"count":0,"href":"https:\/\/foundation17.org\/sq\/wp-json\/wp\/v2\/pages\/56309\/revisions"}],"wp:attachment":[{"href":"https:\/\/foundation17.org\/sq\/wp-json\/wp\/v2\/media?parent=56309"}],"curies":[{"name":"wp","href":"https:\/\/api.w.org\/{rel}","templated":true}]}}