{"id":56307,"date":"2021-04-27T21:11:49","date_gmt":"2021-04-27T21:11:49","guid":{"rendered":"https:\/\/foundation17.org\/who-we-are\/"},"modified":"2025-04-14T13:41:56","modified_gmt":"2025-04-14T13:41:56","slug":"kush-jemi","status":"publish","type":"page","link":"https:\/\/foundation17.org\/sq\/kush-jemi\/","title":{"rendered":"Kush jemi"},"content":{"rendered":"<div class=\"wpb-content-wrapper\"><p>[vc_row][vc_column][vc_column_text css=&#8221;&#8221;]<\/p>\n<div id=\"comp-jvkt0vvb4\" class=\"_2bafp\" data-testid=\"richTextElement\">\n<h3>P\u00cbR NE<\/h3>\n<p>Shtat\u00ebmb\u00ebdhjet\u00eb filloi si nj\u00eb duo bashk\u00ebpunuese, me synimin t\u00eb krijimit t\u00eb veprave artistike vizuale dhe intelektuale q\u00eb eksplorojn\u00eb perspektivat sociale dhe psikologjike p\u00ebrmes video-artit eksperimental. Puna q\u00eb zhvilloi duo theksoi nevoj\u00ebn p\u00ebr t\u00eb rifunksionalizuar hap\u00ebsirat publike alternative. Si rezultat, Shtat\u00ebmb\u00ebdhjet\u00eb u regjistrua si fondacion n\u00eb vitin 2018 n\u00eb Prishtin\u00eb, dhe me aktivitetet e veta operon n\u00ebp\u00ebr t\u00eb gjitha rajonet e Kosov\u00ebs. Shtat\u00ebmb\u00ebdhjet\u00eb ka vizion q\u00eb qytetar\u00ebt e t\u00eb gjitha gjinive t\u00eb marrin pjes\u00eb dhe t\u00eb kontribuojn\u00eb n\u00eb m\u00ebnyr\u00eb kuptimplot\u00eb dhe t\u00eb lir\u00eb n\u00eb komunitet dhe jet\u00ebn publike p\u00ebrmes kultur\u00ebs, edukimit dhe aktivizmit. Misioni i tij \u00ebsht\u00eb t\u00eb nxis\u00eb ndryshime pozitive n\u00eb shoq\u00ebri p\u00ebrmes fuqizimit t\u00eb komuniteteve me an\u00eb t\u00eb aktivizmit kulturor. Shtat\u00ebmb\u00ebdhjet\u00eb udh\u00ebhiqet nga nj\u00eb bord i p\u00ebrb\u00ebr\u00eb prej tre an\u00ebtar\u00ebsh.<\/p>\n<p>Programet primare t\u00eb Shtat\u00ebmb\u00ebdhjet\u00eb jan\u00eb Arti &amp; Edukimi, Aktivizmi Kulturor dhe Hap\u00ebsira. K\u00ebto programe jan\u00eb n\u00eb linj\u00eb me prioritetet strategjike t\u00eb fondacionit, t\u00eb cilat artikulojn\u00eb vizionin e tij gjith\u00ebp\u00ebrfshir\u00ebs:<\/p>\n<p>&#8211; Hap\u00ebsira publike<br \/>\n&#8211; Aktivizmi kulturor, politikb\u00ebrja, avokimi<br \/>\n&#8211; Ambienti<br \/>\n&#8211; \u00c7\u00ebshtjet Gjinore<br \/>\n&#8211; Zhvillimi i komunitetit dhe bashk\u00ebpunimi<br \/>\n&#8211; Demokracia dhe t\u00eb drejtat e njeriut<\/p>\n<p>Shtat\u00ebmb\u00ebdhjet\u00eb \u00ebsht\u00eb i p\u00ebrkushtuar n\u00eb krijimin e bashk\u00ebpunimeve dhe nd\u00ebrtimit t\u00eb rrjeteve me organizata dhe institucione t\u00eb tjera p\u00ebr p\u00ebrfshirje m\u00eb t\u00eb madhe t\u00eb pjes\u00ebtar\u00ebve t\u00eb komunitetit n\u00eb jet\u00ebn publike dhe t\u00eb ngris vler\u00ebsimin q\u00eb aktivizmi kulturor sjell n\u00eb ngritjen e cil\u00ebsis\u00eb s\u00eb jetes\u00ebs n\u00eb komunitetin ton\u00eb.<\/p>\n<p>&nbsp;<\/p>\n<p><strong>Vizioni<\/strong><br \/>\nQytetar\u00eb t\u00eb gjitha gjinive marrin pjes\u00eb dhe kontribuojn\u00eb n\u00eb m\u00ebnyr\u00eb kuptimplot\u00eb dhe t\u00eb lir\u00eb n\u00eb komunitet dhe jet\u00ebn publike p\u00ebrmes kultur\u00ebs, edukimit dhe aktivizmit.<\/p>\n<p><strong>Misioni<\/strong><\/p>\n<p>Nxitja e ndryshimeve pozitive n\u00eb shoq\u00ebri p\u00ebrmes fuqizimit t\u00eb komuniteteve me an\u00eb t\u00eb aktivizmit kulturor.<\/p>\n<\/div>\n<p>&nbsp;<\/p>\n<div id=\"comp-jvkt0vvb5\" class=\"_2bafp\" data-testid=\"richTextElement\">\n<p><strong>BORDI I DREJTOR\u00cbVE\/EVE<\/strong><\/p>\n<p>Armend Morina\u00a0 <strong>|<\/strong>\u00a0 Laura Welzenbach<strong>\u00a0|<\/strong>\u00a0 \u00a0Shpend Emini<\/p>\n<p>&nbsp;<\/p>\n<\/div>\n<p><strong>EKIPI<\/strong><\/p>\n<p>Nita Zeqiri &#8211; Drejtore Ekzekutive\u00a0 \u00a0<strong>|<\/strong>\u00a0 \u00a0Ajete K\u00ebrqeli &#8211; Menaxhere p\u00ebr Zhvillim\u00a0 <strong>|\u00a0<\/strong>\u00a0 Fitore Isufi &#8211; Koja &#8211; Drejtore Artistike<\/p>\n<p>Sihana Klisurica &#8211; Menaxhere e Komunikimit\u00a0 <strong>|<\/strong>\u00a0 \u00a0Rinesa Hoxha\u00a0&#8211; Asistente e Programeve<\/p>\n<p>&nbsp;<\/p>\n<p>&nbsp;<\/p>\n<p><strong>MB\u00cbSHTET\u00cbSIT<\/strong><\/p>\n<h2 class=\"font_6\"><\/h2>\n<p>[\/vc_column_text][\/vc_column][\/vc_row][vc_row bg_type=&#8221;bg_color&#8221; bg_override=&#8221;ex-full&#8221; type=&#8221;vc_default&#8221; css=&#8221;.vc_custom_1620165976825{padding-right: 25px !important;padding-bottom: 100px !important;padding-left: 25px !important;}&#8221;][vc_column css=&#8221;.vc_custom_1620166012328{padding-top: 25px !important;padding-bottom: 25px !important;background-color: #f1f1f1 !important;}&#8221;]<style type=\"text\/css\" data-type=\"the7_shortcodes-inline-css\">.carousel-shortcode.carousel-shortcode-id-14fd8f806974cd4141729612157f4fbc.owl-carousel .owl-nav div {\n  width: 36px;\n  height: 36px;\n  border-radius: 500px;\n}\n.dt-arrow-border-on.carousel-shortcode.carousel-shortcode-id-14fd8f806974cd4141729612157f4fbc.owl-carousel .owl-nav div:not(:hover):before {\n  border-width: 0px;\n}\n.dt-arrow-hover-border-on.carousel-shortcode.carousel-shortcode-id-14fd8f806974cd4141729612157f4fbc.owl-carousel .owl-nav div:hover:after {\n  border-width: 0px;\n}\n.carousel-shortcode.carousel-shortcode-id-14fd8f806974cd4141729612157f4fbc.owl-carousel .owl-nav div.owl-prev {\n  top: 50%;\n  transform: translateY(calc(-50% + 0px));\n  left: -15px;\n}\n@media all and (-ms-high-contrast: none) {\n  .carousel-shortcode.carousel-shortcode-id-14fd8f806974cd4141729612157f4fbc.owl-carousel .owl-nav div.owl-prev {\n    transform: translateY(-50%);\n    margin-top: 0px;\n  }\n}\n.carousel-shortcode.carousel-shortcode-id-14fd8f806974cd4141729612157f4fbc.owl-carousel .owl-nav div.owl-prev i {\n  padding: 0px 0px 0px 0px;\n}\n.carousel-shortcode.carousel-shortcode-id-14fd8f806974cd4141729612157f4fbc.owl-carousel .owl-nav div.owl-next {\n  top: 50%;\n  transform: translateY(calc(-50% + 0px));\n  right: -15px;\n}\n@media all and (-ms-high-contrast: none) {\n  .carousel-shortcode.carousel-shortcode-id-14fd8f806974cd4141729612157f4fbc.owl-carousel .owl-nav div.owl-next {\n    transform: translateY(-50%);\n    margin-top: 0px;\n  }\n}\n.carousel-shortcode.carousel-shortcode-id-14fd8f806974cd4141729612157f4fbc.owl-carousel .owl-nav div.owl-next i {\n  padding: 0px 0px 0px 0px;\n}\n.carousel-shortcode.carousel-shortcode-id-14fd8f806974cd4141729612157f4fbc.owl-carousel .owl-nav i {\n  font-size: 20px;\n}\n.carousel-shortcode.carousel-shortcode-id-14fd8f806974cd4141729612157f4fbc.owl-carousel .owl-nav div:not(:hover) i,\n.carousel-shortcode.carousel-shortcode-id-14fd8f806974cd4141729612157f4fbc.owl-carousel .owl-nav div:not(:hover) i:before {\n  color: rgba(51,51,51,0.2);\n  background: none;\n}\n.carousel-shortcode.carousel-shortcode-id-14fd8f806974cd4141729612157f4fbc .owl-dots {\n  top: calc(100% + 20px);\n  left: 50%;\n  transform: translateX(calc(-50% + 0px));\n}\n@media all and (-ms-high-contrast: none) {\n  .carousel-shortcode.carousel-shortcode-id-14fd8f806974cd4141729612157f4fbc .owl-dots {\n    transform: translateX(-50%);\n    margin-left: 0px;\n  }\n}\n.carousel-shortcode.carousel-shortcode-id-14fd8f806974cd4141729612157f4fbc .owl-dot {\n  width: 10px;\n  height: 10px;\n  margin: 0 8px;\n}\n@media screen and (max-width: 778px) {\n  .carousel-shortcode.carousel-shortcode-id-14fd8f806974cd4141729612157f4fbc.hide-arrows .owl-nav a {\n    display: none;\n  }\n}\n@media screen and (max-width: 778px) {\n  .carousel-shortcode.carousel-shortcode-id-14fd8f806974cd4141729612157f4fbc.reposition-arrows .owl-nav .owl-prev {\n    top: 50%;\n    transform: translateY(calc(-50% + 0px));\n    left: 10px;\n  }\n  .carousel-shortcode.carousel-shortcode-id-14fd8f806974cd4141729612157f4fbc.reposition-arrows .owl-nav .owl-next {\n    top: 50%;\n    transform: translateY(calc(-50% + 0px));\n    right: 10px;\n  }\n}\n@media screen and (max-width: 778px) and all and (-ms-high-contrast: none) {\n  .carousel-shortcode.carousel-shortcode-id-14fd8f806974cd4141729612157f4fbc.reposition-arrows .owl-nav .owl-prev {\n    transform: translateY(-50%);\n    margin-top: 0px;\n  }\n}\n@media screen and (max-width: 778px) and all and (-ms-high-contrast: none) {\n  .carousel-shortcode.carousel-shortcode-id-14fd8f806974cd4141729612157f4fbc.reposition-arrows .owl-nav .owl-next {\n    transform: translateY(-50%);\n    margin-top: 0px;\n  }\n}<\/style><div class=\"owl-carousel carousel-shortcode dt-owl-carousel-call carousel-shortcode-id-14fd8f806974cd4141729612157f4fbc bullets-small-dot-stroke arrows-bg-off dt-arrow-border-on dt-arrow-hover-border-on disable-arrows-hover-bg arrows-hover-bg-off  vc_custom_1620164923164 \" data-scroll-mode=\"1\" data-col-num=\"5\" data-wide-col-num=\"5\" data-laptop-col=\"5\" data-h-tablet-columns-num=\"3\" data-v-tablet-columns-num=\"3\" data-phone-columns-num=\"2\" data-auto-height=\"false\" data-col-gap=\"20\" data-stage-padding=\"0\" data-speed=\"600\" data-autoplay=\"false\" data-autoplay_speed=\"6000\" data-arrows=\"true\" data-bullet=\"false\" data-next-icon=\"icon-ar-017-r\" data-prev-icon=\"icon-ar-017-l\">[vc_single_image image=&#8221;56855&#8243; img_size=&#8221;full&#8221; alignment=&#8221;center&#8221; onclick=&#8221;custom_link&#8221; img_link_target=&#8221;_blank&#8221; css=&#8221;.vc_custom_1655134545656{margin-bottom: 0px !important;padding-bottom: 0px !important;}&#8221; image_hovers=&#8221;false&#8221; lazy_loading=&#8221;true&#8221;][vc_single_image image=&#8221;56857&#8243; img_size=&#8221;full&#8221; alignment=&#8221;center&#8221; onclick=&#8221;custom_link&#8221; img_link_target=&#8221;_blank&#8221; css=&#8221;.vc_custom_1655134600126{margin-bottom: 0px !important;padding-bottom: 0px !important;}&#8221; image_hovers=&#8221;false&#8221; lazy_loading=&#8221;true&#8221;][vc_single_image image=&#8221;56565&#8243; img_size=&#8221;full&#8221; alignment=&#8221;center&#8221; onclick=&#8221;custom_link&#8221; img_link_target=&#8221;_blank&#8221; css=&#8221;.vc_custom_1621937849828{margin-bottom: 0px !important;padding-bottom: 0px !important;}&#8221; image_hovers=&#8221;false&#8221; lazy_loading=&#8221;true&#8221;][vc_single_image image=&#8221;56563&#8243; img_size=&#8221;full&#8221; alignment=&#8221;center&#8221; onclick=&#8221;custom_link&#8221; img_link_target=&#8221;_blank&#8221; css=&#8221;.vc_custom_1621937875588{margin-bottom: 0px !important;padding-bottom: 0px !important;}&#8221; image_hovers=&#8221;false&#8221; lazy_loading=&#8221;true&#8221;][vc_single_image image=&#8221;56558&#8243; img_size=&#8221;full&#8221; alignment=&#8221;center&#8221; onclick=&#8221;custom_link&#8221; img_link_target=&#8221;_blank&#8221; css=&#8221;.vc_custom_1621937895556{margin-bottom: 0px !important;padding-bottom: 0px !important;}&#8221; image_hovers=&#8221;false&#8221; lazy_loading=&#8221;true&#8221;][vc_single_image image=&#8221;56556&#8243; img_size=&#8221;full&#8221; alignment=&#8221;center&#8221; onclick=&#8221;custom_link&#8221; img_link_target=&#8221;_blank&#8221; css=&#8221;.vc_custom_1621937919731{margin-bottom: 0px !important;padding-bottom: 0px !important;}&#8221; image_hovers=&#8221;false&#8221; lazy_loading=&#8221;true&#8221;][vc_single_image image=&#8221;56584&#8243; img_size=&#8221;full&#8221; alignment=&#8221;center&#8221; onclick=&#8221;custom_link&#8221; img_link_target=&#8221;_blank&#8221; css=&#8221;.vc_custom_1621937941797{margin-bottom: 0px !important;padding-bottom: 0px !important;}&#8221; image_hovers=&#8221;false&#8221; lazy_loading=&#8221;true&#8221;][vc_single_image image=&#8221;56568&#8243; img_size=&#8221;full&#8221; alignment=&#8221;center&#8221; onclick=&#8221;custom_link&#8221; img_link_target=&#8221;_blank&#8221; css=&#8221;.vc_custom_1621937966202{margin-bottom: 0px !important;padding-bottom: 0px !important;}&#8221; image_hovers=&#8221;false&#8221; lazy_loading=&#8221;true&#8221;][vc_single_image image=&#8221;56587&#8243; img_size=&#8221;full&#8221; alignment=&#8221;center&#8221; onclick=&#8221;custom_link&#8221; img_link_target=&#8221;_blank&#8221; css=&#8221;.vc_custom_1621938010767{margin-bottom: 0px !important;padding-bottom: 0px !important;}&#8221; image_hovers=&#8221;false&#8221; lazy_loading=&#8221;true&#8221;][vc_single_image image=&#8221;56577&#8243; img_size=&#8221;full&#8221; alignment=&#8221;center&#8221; onclick=&#8221;custom_link&#8221; img_link_target=&#8221;_blank&#8221; css=&#8221;.vc_custom_1621938028368{margin-bottom: 0px !important;padding-bottom: 0px !important;}&#8221; image_hovers=&#8221;false&#8221; lazy_loading=&#8221;true&#8221;][vc_single_image image=&#8221;56581&#8243; img_size=&#8221;full&#8221; alignment=&#8221;center&#8221; onclick=&#8221;custom_link&#8221; img_link_target=&#8221;_blank&#8221; css=&#8221;.vc_custom_1621938051729{margin-bottom: 0px !important;padding-bottom: 0px !important;}&#8221; image_hovers=&#8221;false&#8221; lazy_loading=&#8221;true&#8221;][vc_single_image image=&#8221;56546&#8243; img_size=&#8221;full&#8221; alignment=&#8221;center&#8221; onclick=&#8221;custom_link&#8221; img_link_target=&#8221;_blank&#8221; css=&#8221;.vc_custom_1621938073594{margin-bottom: 0px !important;padding-bottom: 0px !important;}&#8221; image_hovers=&#8221;false&#8221; lazy_loading=&#8221;true&#8221;][vc_single_image image=&#8221;56540&#8243; img_size=&#8221;full&#8221; alignment=&#8221;center&#8221; onclick=&#8221;custom_link&#8221; img_link_target=&#8221;_blank&#8221; css=&#8221;.vc_custom_1621938090756{margin-bottom: 0px !important;padding-bottom: 0px !important;}&#8221; image_hovers=&#8221;false&#8221; lazy_loading=&#8221;true&#8221;][vc_single_image image=&#8221;56543&#8243; img_size=&#8221;full&#8221; alignment=&#8221;center&#8221; onclick=&#8221;custom_link&#8221; img_link_target=&#8221;_blank&#8221; css=&#8221;.vc_custom_1621938109631{margin-bottom: 0px !important;padding-bottom: 0px !important;}&#8221; image_hovers=&#8221;false&#8221; lazy_loading=&#8221;true&#8221;][vc_single_image image=&#8221;56535&#8243; img_size=&#8221;full&#8221; alignment=&#8221;center&#8221; onclick=&#8221;custom_link&#8221; img_link_target=&#8221;_blank&#8221; css=&#8221;.vc_custom_1671024222354{margin-bottom: 0px !important;padding-bottom: 0px !important;}&#8221; image_hovers=&#8221;false&#8221; lazy_loading=&#8221;true&#8221;][vc_single_image image=&#8221;57148&#8243; img_size=&#8221;full&#8221; alignment=&#8221;center&#8221; onclick=&#8221;custom_link&#8221; img_link_target=&#8221;_blank&#8221; css=&#8221;.vc_custom_1671024264908{margin-bottom: 0px !important;padding-bottom: 0px !important;}&#8221; image_hovers=&#8221;false&#8221; lazy_loading=&#8221;true&#8221;][vc_single_image image=&#8221;57151&#8243; img_size=&#8221;full&#8221; alignment=&#8221;center&#8221; onclick=&#8221;custom_link&#8221; img_link_target=&#8221;_blank&#8221; css=&#8221;.vc_custom_1671024428450{margin-bottom: 0px !important;padding-bottom: 0px !important;}&#8221; image_hovers=&#8221;false&#8221; lazy_loading=&#8221;true&#8221;][vc_single_image image=&#8221;57678&#8243; img_size=&#8221;full&#8221; alignment=&#8221;center&#8221; onclick=&#8221;custom_link&#8221; img_link_target=&#8221;_blank&#8221; css=&#8221;.vc_custom_1707402405292{margin-bottom: 0px !important;padding-bottom: 0px !important;}&#8221; image_hovers=&#8221;false&#8221; lazy_loading=&#8221;true&#8221;][vc_single_image image=&#8221;57680&#8243; img_size=&#8221;full&#8221; alignment=&#8221;center&#8221; onclick=&#8221;custom_link&#8221; img_link_target=&#8221;_blank&#8221; css=&#8221;.vc_custom_1707402423573{margin-bottom: 0px !important;padding-bottom: 0px !important;}&#8221; image_hovers=&#8221;false&#8221; lazy_loading=&#8221;true&#8221;]<\/div>[\/vc_column][\/vc_row]<\/p>\n<\/div>","protected":false},"excerpt":{"rendered":"<p>[vc_row][vc_column][vc_column_text css=&#8221;&#8221;] P\u00cbR NE Shtat\u00ebmb\u00ebdhjet\u00eb filloi si nj\u00eb duo bashk\u00ebpunuese, me synimin t\u00eb krijimit t\u00eb veprave artistike vizuale dhe intelektuale q\u00eb eksplorojn\u00eb perspektivat sociale dhe psikologjike p\u00ebrmes video-artit eksperimental. Puna&hellip;<\/p>\n","protected":false},"author":1,"featured_media":0,"parent":0,"menu_order":0,"comment_status":"closed","ping_status":"closed","template":"","meta":{"nf_dc_page":"","om_disable_all_campaigns":false,"footnotes":""},"class_list":["post-56307","page","type-page","status-publish","hentry","description-off"],"yoast_head":"<!-- This site is optimized with the Yoast SEO plugin v27.5 - https:\/\/yoast.com\/product\/yoast-seo-wordpress\/ -->\n<title>Kush jemi - SHTAT\u00cbMB\u00cbDHJET\u00cb<\/title>\n<meta name=\"robots\" content=\"index, follow, max-snippet:-1, max-image-preview:large, max-video-preview:-1\" \/>\n<link rel=\"canonical\" href=\"https:\/\/foundation17.org\/sq\/kush-jemi\/\" \/>\n<meta property=\"og:locale\" content=\"sq_AL\" \/>\n<meta property=\"og:type\" content=\"article\" \/>\n<meta property=\"og:title\" content=\"Kush jemi - SHTAT\u00cbMB\u00cbDHJET\u00cb\" \/>\n<meta property=\"og:description\" content=\"[vc_row][vc_column][vc_column_text css=&#8221;&#8221;] P\u00cbR NE Shtat\u00ebmb\u00ebdhjet\u00eb filloi si nj\u00eb duo bashk\u00ebpunuese, me synimin t\u00eb krijimit t\u00eb veprave artistike vizuale dhe intelektuale q\u00eb eksplorojn\u00eb perspektivat sociale dhe psikologjike p\u00ebrmes video-artit eksperimental. Puna&hellip;\" \/>\n<meta property=\"og:url\" content=\"https:\/\/foundation17.org\/sq\/kush-jemi\/\" \/>\n<meta property=\"og:site_name\" content=\"SHTAT\u00cbMB\u00cbDHJET\u00cb\" \/>\n<meta property=\"article:publisher\" content=\"https:\/\/www.facebook.com\/fondacioni17\" \/>\n<meta property=\"article:modified_time\" content=\"2025-04-14T13:41:56+00:00\" \/>\n<meta name=\"twitter:card\" content=\"summary_large_image\" \/>\n<meta name=\"twitter:label1\" content=\"Est. reading time\" \/>\n\t<meta name=\"twitter:data1\" content=\"3 minutes\" \/>\n<script type=\"application\/ld+json\" class=\"yoast-schema-graph\">{\"@context\":\"https:\\\/\\\/schema.org\",\"@graph\":[{\"@type\":\"WebPage\",\"@id\":\"https:\\\/\\\/foundation17.org\\\/sq\\\/kush-jemi\\\/\",\"url\":\"https:\\\/\\\/foundation17.org\\\/sq\\\/kush-jemi\\\/\",\"name\":\"Kush jemi - SHTAT\u00cbMB\u00cbDHJET\u00cb\",\"isPartOf\":{\"@id\":\"https:\\\/\\\/foundation17.org\\\/#website\"},\"datePublished\":\"2021-04-27T21:11:49+00:00\",\"dateModified\":\"2025-04-14T13:41:56+00:00\",\"breadcrumb\":{\"@id\":\"https:\\\/\\\/foundation17.org\\\/sq\\\/kush-jemi\\\/#breadcrumb\"},\"inLanguage\":\"sq-AL\",\"potentialAction\":[{\"@type\":\"ReadAction\",\"target\":[\"https:\\\/\\\/foundation17.org\\\/sq\\\/kush-jemi\\\/\"]}]},{\"@type\":\"BreadcrumbList\",\"@id\":\"https:\\\/\\\/foundation17.org\\\/sq\\\/kush-jemi\\\/#breadcrumb\",\"itemListElement\":[{\"@type\":\"ListItem\",\"position\":1,\"name\":\"Home\",\"item\":\"https:\\\/\\\/foundation17.org\\\/sq\\\/\"},{\"@type\":\"ListItem\",\"position\":2,\"name\":\"Kush jemi\"}]},{\"@type\":\"WebSite\",\"@id\":\"https:\\\/\\\/foundation17.org\\\/#website\",\"url\":\"https:\\\/\\\/foundation17.org\\\/\",\"name\":\"SHTAT\u00cbMB\u00cbDHJET\u00cb\",\"description\":\"is a nonprofit organization established in Prishtina, Kosovo in 2018. 17 started initially as a collaborative duo with the aim of making visually and intellectually engaging artworks that explore social and psychological perspectives through Experimental Video Art. Building on this experience and the need to refunctionalize alternative public spaces, Shtat\u00ebmb\u00ebdhjet\u00eb has been registered as a foundation that aims to foster positive change in society through enabling cultural vitality and creativity.\",\"publisher\":{\"@id\":\"https:\\\/\\\/foundation17.org\\\/#organization\"},\"potentialAction\":[{\"@type\":\"SearchAction\",\"target\":{\"@type\":\"EntryPoint\",\"urlTemplate\":\"https:\\\/\\\/foundation17.org\\\/?s={search_term_string}\"},\"query-input\":{\"@type\":\"PropertyValueSpecification\",\"valueRequired\":true,\"valueName\":\"search_term_string\"}}],\"inLanguage\":\"sq-AL\"},{\"@type\":\"Organization\",\"@id\":\"https:\\\/\\\/foundation17.org\\\/#organization\",\"name\":\"SHTAT\u00cbMB\u00cbDHJET\u00cb\",\"url\":\"https:\\\/\\\/foundation17.org\\\/\",\"logo\":{\"@type\":\"ImageObject\",\"inLanguage\":\"sq-AL\",\"@id\":\"https:\\\/\\\/foundation17.org\\\/#\\\/schema\\\/logo\\\/image\\\/\",\"url\":\"https:\\\/\\\/foundation17.org\\\/wp-content\\\/uploads\\\/2021\\\/04\\\/f17logo.png\",\"contentUrl\":\"https:\\\/\\\/foundation17.org\\\/wp-content\\\/uploads\\\/2021\\\/04\\\/f17logo.png\",\"width\":470,\"height\":470,\"caption\":\"SHTAT\u00cbMB\u00cbDHJET\u00cb\"},\"image\":{\"@id\":\"https:\\\/\\\/foundation17.org\\\/#\\\/schema\\\/logo\\\/image\\\/\"},\"sameAs\":[\"https:\\\/\\\/www.facebook.com\\\/fondacioni17\"]}]}<\/script>\n<!-- \/ Yoast SEO plugin. -->","yoast_head_json":{"title":"Kush jemi - SHTAT\u00cbMB\u00cbDHJET\u00cb","robots":{"index":"index","follow":"follow","max-snippet":"max-snippet:-1","max-image-preview":"max-image-preview:large","max-video-preview":"max-video-preview:-1"},"canonical":"https:\/\/foundation17.org\/sq\/kush-jemi\/","og_locale":"sq_AL","og_type":"article","og_title":"Kush jemi - SHTAT\u00cbMB\u00cbDHJET\u00cb","og_description":"[vc_row][vc_column][vc_column_text css=&#8221;&#8221;] P\u00cbR NE Shtat\u00ebmb\u00ebdhjet\u00eb filloi si nj\u00eb duo bashk\u00ebpunuese, me synimin t\u00eb krijimit t\u00eb veprave artistike vizuale dhe intelektuale q\u00eb eksplorojn\u00eb perspektivat sociale dhe psikologjike p\u00ebrmes video-artit eksperimental. Puna&hellip;","og_url":"https:\/\/foundation17.org\/sq\/kush-jemi\/","og_site_name":"SHTAT\u00cbMB\u00cbDHJET\u00cb","article_publisher":"https:\/\/www.facebook.com\/fondacioni17","article_modified_time":"2025-04-14T13:41:56+00:00","twitter_card":"summary_large_image","twitter_misc":{"Est. reading time":"3 minutes"},"schema":{"@context":"https:\/\/schema.org","@graph":[{"@type":"WebPage","@id":"https:\/\/foundation17.org\/sq\/kush-jemi\/","url":"https:\/\/foundation17.org\/sq\/kush-jemi\/","name":"Kush jemi - SHTAT\u00cbMB\u00cbDHJET\u00cb","isPartOf":{"@id":"https:\/\/foundation17.org\/#website"},"datePublished":"2021-04-27T21:11:49+00:00","dateModified":"2025-04-14T13:41:56+00:00","breadcrumb":{"@id":"https:\/\/foundation17.org\/sq\/kush-jemi\/#breadcrumb"},"inLanguage":"sq-AL","potentialAction":[{"@type":"ReadAction","target":["https:\/\/foundation17.org\/sq\/kush-jemi\/"]}]},{"@type":"BreadcrumbList","@id":"https:\/\/foundation17.org\/sq\/kush-jemi\/#breadcrumb","itemListElement":[{"@type":"ListItem","position":1,"name":"Home","item":"https:\/\/foundation17.org\/sq\/"},{"@type":"ListItem","position":2,"name":"Kush jemi"}]},{"@type":"WebSite","@id":"https:\/\/foundation17.org\/#website","url":"https:\/\/foundation17.org\/","name":"SHTAT\u00cbMB\u00cbDHJET\u00cb","description":"is a nonprofit organization established in Prishtina, Kosovo in 2018. 17 started initially as a collaborative duo with the aim of making visually and intellectually engaging artworks that explore social and psychological perspectives through Experimental Video Art. Building on this experience and the need to refunctionalize alternative public spaces, Shtat\u00ebmb\u00ebdhjet\u00eb has been registered as a foundation that aims to foster positive change in society through enabling cultural vitality and creativity.","publisher":{"@id":"https:\/\/foundation17.org\/#organization"},"potentialAction":[{"@type":"SearchAction","target":{"@type":"EntryPoint","urlTemplate":"https:\/\/foundation17.org\/?s={search_term_string}"},"query-input":{"@type":"PropertyValueSpecification","valueRequired":true,"valueName":"search_term_string"}}],"inLanguage":"sq-AL"},{"@type":"Organization","@id":"https:\/\/foundation17.org\/#organization","name":"SHTAT\u00cbMB\u00cbDHJET\u00cb","url":"https:\/\/foundation17.org\/","logo":{"@type":"ImageObject","inLanguage":"sq-AL","@id":"https:\/\/foundation17.org\/#\/schema\/logo\/image\/","url":"https:\/\/foundation17.org\/wp-content\/uploads\/2021\/04\/f17logo.png","contentUrl":"https:\/\/foundation17.org\/wp-content\/uploads\/2021\/04\/f17logo.png","width":470,"height":470,"caption":"SHTAT\u00cbMB\u00cbDHJET\u00cb"},"image":{"@id":"https:\/\/foundation17.org\/#\/schema\/logo\/image\/"},"sameAs":["https:\/\/www.facebook.com\/fondacioni17"]}]}},"_links":{"self":[{"href":"https:\/\/foundation17.org\/sq\/wp-json\/wp\/v2\/pages\/56307","targetHints":{"allow":["GET"]}}],"collection":[{"href":"https:\/\/foundation17.org\/sq\/wp-json\/wp\/v2\/pages"}],"about":[{"href":"https:\/\/foundation17.org\/sq\/wp-json\/wp\/v2\/types\/page"}],"author":[{"embeddable":true,"href":"https:\/\/foundation17.org\/sq\/wp-json\/wp\/v2\/users\/1"}],"replies":[{"embeddable":true,"href":"https:\/\/foundation17.org\/sq\/wp-json\/wp\/v2\/comments?post=56307"}],"version-history":[{"count":2,"href":"https:\/\/foundation17.org\/sq\/wp-json\/wp\/v2\/pages\/56307\/revisions"}],"predecessor-version":[{"id":58404,"href":"https:\/\/foundation17.org\/sq\/wp-json\/wp\/v2\/pages\/56307\/revisions\/58404"}],"wp:attachment":[{"href":"https:\/\/foundation17.org\/sq\/wp-json\/wp\/v2\/media?parent=56307"}],"curies":[{"name":"wp","href":"https:\/\/api.w.org\/{rel}","templated":true}]}}